{"id":844,"date":"2025-02-25T13:46:08","date_gmt":"2025-02-25T13:46:08","guid":{"rendered":"https:\/\/snci.lu\/?page_id=844"},"modified":"2025-03-18T14:04:04","modified_gmt":"2025-03-18T14:04:04","slug":"our-values","status":"publish","type":"page","link":"https:\/\/www.snci.lu\/en\/what-abous-us\/our-values\/","title":{"rendered":"Our values"},"content":{"rendered":"","protected":false},"excerpt":{"rendered":"","protected":false},"author":1,"featured_media":0,"parent":933,"menu_order":1,"comment_status":"closed","ping_status":"closed","template":"","meta":{"_acf_changed":false,"footnotes":""},"class_list":["post-844","page","type-page","status-publish","hentry"],"acf":[],"yoast_head":"<!-- This site is optimized with the Yoast SEO plugin v25.1 - https:\/\/yoast.com\/wordpress\/plugins\/seo\/ -->\n<title>Our values - SNCI | Soci\u00e9t\u00e9 Nationale de Cr\u00e9dit et d\u2019Investissement<\/title>\n<meta name=\"robots\" content=\"index, follow, max-snippet:-1, max-image-preview:large, max-video-preview:-1\" \/>\n<link rel=\"canonical\" href=\"https:\/\/www.snci.lu\/en\/what-abous-us\/our-values\/\" \/>\n<meta property=\"og:locale\" content=\"en_US\" \/>\n<meta property=\"og:type\" content=\"article\" \/>\n<meta property=\"og:title\" content=\"Our values - SNCI | Soci\u00e9t\u00e9 Nationale de Cr\u00e9dit et d\u2019Investissement\" \/>\n<meta property=\"og:url\" content=\"https:\/\/www.snci.lu\/en\/what-abous-us\/our-values\/\" \/>\n<meta property=\"og:site_name\" content=\"SNCI | Soci\u00e9t\u00e9 Nationale de Cr\u00e9dit et d\u2019Investissement\" \/>\n<meta property=\"article:modified_time\" content=\"2025-03-18T14:04:04+00:00\" \/>\n<meta name=\"twitter:card\" content=\"summary_large_image\" \/>\n<script type=\"application\/ld+json\" class=\"yoast-schema-graph\">{\"@context\":\"https:\/\/schema.org\",\"@graph\":[{\"@type\":\"WebPage\",\"@id\":\"https:\/\/www.snci.lu\/en\/what-abous-us\/our-values\/\",\"url\":\"https:\/\/www.snci.lu\/en\/what-abous-us\/our-values\/\",\"name\":\"Our values - SNCI | Soci\u00e9t\u00e9 Nationale de Cr\u00e9dit et d\u2019Investissement\",\"isPartOf\":{\"@id\":\"https:\/\/www.snci.lu\/en\/#website\"},\"datePublished\":\"2025-02-25T13:46:08+00:00\",\"dateModified\":\"2025-03-18T14:04:04+00:00\",\"breadcrumb\":{\"@id\":\"https:\/\/www.snci.lu\/en\/what-abous-us\/our-values\/#breadcrumb\"},\"inLanguage\":\"en-US\",\"potentialAction\":[{\"@type\":\"ReadAction\",\"target\":[\"https:\/\/www.snci.lu\/en\/what-abous-us\/our-values\/\"]}]},{\"@type\":\"BreadcrumbList\",\"@id\":\"https:\/\/www.snci.lu\/en\/what-abous-us\/our-values\/#breadcrumb\",\"itemListElement\":[{\"@type\":\"ListItem\",\"position\":1,\"name\":\"Home\",\"item\":\"https:\/\/www.snci.lu\/en\/\"},{\"@type\":\"ListItem\",\"position\":2,\"name\":\"What about us\",\"item\":\"https:\/\/www.snci.lu\/en\/what-abous-us\/\"},{\"@type\":\"ListItem\",\"position\":3,\"name\":\"Our values\"}]},{\"@type\":\"WebSite\",\"@id\":\"https:\/\/www.snci.lu\/en\/#website\",\"url\":\"https:\/\/www.snci.lu\/en\/\",\"name\":\"SNCI | Soci\u00e9t\u00e9 Nationale de Cr\u00e9dit et d\u2019Investissement\",\"description\":\"SNCI\",\"publisher\":{\"@id\":\"https:\/\/www.snci.lu\/en\/#organization\"},\"alternateName\":\"SNCI\",\"potentialAction\":[{\"@type\":\"SearchAction\",\"target\":{\"@type\":\"EntryPoint\",\"urlTemplate\":\"https:\/\/www.snci.lu\/en\/?s={search_term_string}\"},\"query-input\":{\"@type\":\"PropertyValueSpecification\",\"valueRequired\":true,\"valueName\":\"search_term_string\"}}],\"inLanguage\":\"en-US\"},{\"@type\":\"Organization\",\"@id\":\"https:\/\/www.snci.lu\/en\/#organization\",\"name\":\"SNCI | Soci\u00e9t\u00e9 Nationale de Cr\u00e9dit et d\u2019Investissement\",\"alternateName\":\"SNCI\",\"url\":\"https:\/\/www.snci.lu\/en\/\",\"logo\":{\"@type\":\"ImageObject\",\"inLanguage\":\"en-US\",\"@id\":\"https:\/\/www.snci.lu\/en\/#\/schema\/logo\/image\/\",\"url\":\"https:\/\/snci.lu\/wp-content\/uploads\/2025\/02\/logo.svg\",\"contentUrl\":\"https:\/\/snci.lu\/wp-content\/uploads\/2025\/02\/logo.svg\",\"width\":1,\"height\":1,\"caption\":\"SNCI | Soci\u00e9t\u00e9 Nationale de Cr\u00e9dit et d\u2019Investissement\"},\"image\":{\"@id\":\"https:\/\/www.snci.lu\/en\/#\/schema\/logo\/image\/\"}}]}<\/script>\n<!-- \/ Yoast SEO plugin. -->","yoast_head_json":{"title":"Our values - SNCI | Soci\u00e9t\u00e9 Nationale de Cr\u00e9dit et d\u2019Investissement","robots":{"index":"index","follow":"follow","max-snippet":"max-snippet:-1","max-image-preview":"max-image-preview:large","max-video-preview":"max-video-preview:-1"},"canonical":"https:\/\/www.snci.lu\/en\/what-abous-us\/our-values\/","og_locale":"en_US","og_type":"article","og_title":"Our values - SNCI | Soci\u00e9t\u00e9 Nationale de Cr\u00e9dit et d\u2019Investissement","og_url":"https:\/\/www.snci.lu\/en\/what-abous-us\/our-values\/","og_site_name":"SNCI | Soci\u00e9t\u00e9 Nationale de Cr\u00e9dit et d\u2019Investissement","article_modified_time":"2025-03-18T14:04:04+00:00","twitter_card":"summary_large_image","schema":{"@context":"https:\/\/schema.org","@graph":[{"@type":"WebPage","@id":"https:\/\/www.snci.lu\/en\/what-abous-us\/our-values\/","url":"https:\/\/www.snci.lu\/en\/what-abous-us\/our-values\/","name":"Our values - SNCI | Soci\u00e9t\u00e9 Nationale de Cr\u00e9dit et d\u2019Investissement","isPartOf":{"@id":"https:\/\/www.snci.lu\/en\/#website"},"datePublished":"2025-02-25T13:46:08+00:00","dateModified":"2025-03-18T14:04:04+00:00","breadcrumb":{"@id":"https:\/\/www.snci.lu\/en\/what-abous-us\/our-values\/#breadcrumb"},"inLanguage":"en-US","potentialAction":[{"@type":"ReadAction","target":["https:\/\/www.snci.lu\/en\/what-abous-us\/our-values\/"]}]},{"@type":"BreadcrumbList","@id":"https:\/\/www.snci.lu\/en\/what-abous-us\/our-values\/#breadcrumb","itemListElement":[{"@type":"ListItem","position":1,"name":"Home","item":"https:\/\/www.snci.lu\/en\/"},{"@type":"ListItem","position":2,"name":"What about us","item":"https:\/\/www.snci.lu\/en\/what-abous-us\/"},{"@type":"ListItem","position":3,"name":"Our values"}]},{"@type":"WebSite","@id":"https:\/\/www.snci.lu\/en\/#website","url":"https:\/\/www.snci.lu\/en\/","name":"SNCI | Soci\u00e9t\u00e9 Nationale de Cr\u00e9dit et d\u2019Investissement","description":"SNCI","publisher":{"@id":"https:\/\/www.snci.lu\/en\/#organization"},"alternateName":"SNCI","potentialAction":[{"@type":"SearchAction","target":{"@type":"EntryPoint","urlTemplate":"https:\/\/www.snci.lu\/en\/?s={search_term_string}"},"query-input":{"@type":"PropertyValueSpecification","valueRequired":true,"valueName":"search_term_string"}}],"inLanguage":"en-US"},{"@type":"Organization","@id":"https:\/\/www.snci.lu\/en\/#organization","name":"SNCI | Soci\u00e9t\u00e9 Nationale de Cr\u00e9dit et d\u2019Investissement","alternateName":"SNCI","url":"https:\/\/www.snci.lu\/en\/","logo":{"@type":"ImageObject","inLanguage":"en-US","@id":"https:\/\/www.snci.lu\/en\/#\/schema\/logo\/image\/","url":"https:\/\/snci.lu\/wp-content\/uploads\/2025\/02\/logo.svg","contentUrl":"https:\/\/snci.lu\/wp-content\/uploads\/2025\/02\/logo.svg","width":1,"height":1,"caption":"SNCI | Soci\u00e9t\u00e9 Nationale de Cr\u00e9dit et d\u2019Investissement"},"image":{"@id":"https:\/\/www.snci.lu\/en\/#\/schema\/logo\/image\/"}}]}},"_links":{"self":[{"href":"https:\/\/www.snci.lu\/en\/wp-json\/wp\/v2\/pages\/844","targetHints":{"allow":["GET"]}}],"collection":[{"href":"https:\/\/www.snci.lu\/en\/wp-json\/wp\/v2\/pages"}],"about":[{"href":"https:\/\/www.snci.lu\/en\/wp-json\/wp\/v2\/types\/page"}],"author":[{"embeddable":true,"href":"https:\/\/www.snci.lu\/en\/wp-json\/wp\/v2\/users\/1"}],"replies":[{"embeddable":true,"href":"https:\/\/www.snci.lu\/en\/wp-json\/wp\/v2\/comments?post=844"}],"version-history":[{"count":1,"href":"https:\/\/www.snci.lu\/en\/wp-json\/wp\/v2\/pages\/844\/revisions"}],"predecessor-version":[{"id":845,"href":"https:\/\/www.snci.lu\/en\/wp-json\/wp\/v2\/pages\/844\/revisions\/845"}],"up":[{"embeddable":true,"href":"https:\/\/www.snci.lu\/en\/wp-json\/wp\/v2\/pages\/933"}],"wp:attachment":[{"href":"https:\/\/www.snci.lu\/en\/wp-json\/wp\/v2\/media?parent=844"}],"curies":[{"name":"wp","href":"https:\/\/api.w.org\/{rel}","templated":true}]}}