{"id":1340,"date":"2025-05-15T08:18:50","date_gmt":"2025-05-15T08:18:50","guid":{"rendered":"https:\/\/www.snci.lu\/?page_id=1340"},"modified":"2026-01-21T14:22:32","modified_gmt":"2026-01-21T14:22:32","slug":"1340-2","status":"publish","type":"page","link":"https:\/\/www.snci.lu\/en\/1340-2\/","title":{"rendered":""},"content":{"rendered":"","protected":false},"excerpt":{"rendered":"","protected":false},"author":3,"featured_media":0,"parent":0,"menu_order":0,"comment_status":"closed","ping_status":"closed","template":"","meta":{"_acf_changed":false,"footnotes":""},"class_list":["post-1340","page","type-page","status-publish","hentry"],"acf":[],"yoast_head":"<!-- This site is optimized with the Yoast SEO plugin v25.1 - https:\/\/yoast.com\/wordpress\/plugins\/seo\/ -->\n<title>- SNCI | Soci\u00e9t\u00e9 Nationale de Cr\u00e9dit et d\u2019Investissement<\/title>\n<meta name=\"robots\" content=\"index, follow, max-snippet:-1, max-image-preview:large, max-video-preview:-1\" \/>\n<link rel=\"canonical\" href=\"https:\/\/www.snci.lu\/en\/1340-2\/\" \/>\n<meta property=\"og:locale\" content=\"en_US\" \/>\n<meta property=\"og:type\" content=\"article\" \/>\n<meta property=\"og:title\" content=\"- SNCI | Soci\u00e9t\u00e9 Nationale de Cr\u00e9dit et d\u2019Investissement\" \/>\n<meta property=\"og:url\" content=\"https:\/\/www.snci.lu\/en\/1340-2\/\" \/>\n<meta property=\"og:site_name\" content=\"SNCI | Soci\u00e9t\u00e9 Nationale de Cr\u00e9dit et d\u2019Investissement\" \/>\n<meta property=\"article:modified_time\" content=\"2026-01-21T14:22:32+00:00\" \/>\n<meta name=\"twitter:card\" content=\"summary_large_image\" \/>\n<script type=\"application\/ld+json\" class=\"yoast-schema-graph\">{\"@context\":\"https:\/\/schema.org\",\"@graph\":[{\"@type\":\"WebPage\",\"@id\":\"https:\/\/www.snci.lu\/en\/1340-2\/\",\"url\":\"https:\/\/www.snci.lu\/en\/1340-2\/\",\"name\":\"- SNCI | Soci\u00e9t\u00e9 Nationale de Cr\u00e9dit et d\u2019Investissement\",\"isPartOf\":{\"@id\":\"https:\/\/www.snci.lu\/en\/#website\"},\"datePublished\":\"2025-05-15T08:18:50+00:00\",\"dateModified\":\"2026-01-21T14:22:32+00:00\",\"inLanguage\":\"en-US\",\"potentialAction\":[{\"@type\":\"ReadAction\",\"target\":[\"https:\/\/www.snci.lu\/en\/1340-2\/\"]}]},{\"@type\":\"WebSite\",\"@id\":\"https:\/\/www.snci.lu\/en\/#website\",\"url\":\"https:\/\/www.snci.lu\/en\/\",\"name\":\"SNCI | Soci\u00e9t\u00e9 Nationale de Cr\u00e9dit et d\u2019Investissement\",\"description\":\"SNCI\",\"publisher\":{\"@id\":\"https:\/\/www.snci.lu\/en\/#organization\"},\"alternateName\":\"SNCI\",\"potentialAction\":[{\"@type\":\"SearchAction\",\"target\":{\"@type\":\"EntryPoint\",\"urlTemplate\":\"https:\/\/www.snci.lu\/en\/?s={search_term_string}\"},\"query-input\":{\"@type\":\"PropertyValueSpecification\",\"valueRequired\":true,\"valueName\":\"search_term_string\"}}],\"inLanguage\":\"en-US\"},{\"@type\":\"Organization\",\"@id\":\"https:\/\/www.snci.lu\/en\/#organization\",\"name\":\"SNCI | Soci\u00e9t\u00e9 Nationale de Cr\u00e9dit et d\u2019Investissement\",\"alternateName\":\"SNCI\",\"url\":\"https:\/\/www.snci.lu\/en\/\",\"logo\":{\"@type\":\"ImageObject\",\"inLanguage\":\"en-US\",\"@id\":\"https:\/\/www.snci.lu\/en\/#\/schema\/logo\/image\/\",\"url\":\"https:\/\/snci.lu\/wp-content\/uploads\/2025\/02\/logo.svg\",\"contentUrl\":\"https:\/\/snci.lu\/wp-content\/uploads\/2025\/02\/logo.svg\",\"width\":1,\"height\":1,\"caption\":\"SNCI | Soci\u00e9t\u00e9 Nationale de Cr\u00e9dit et d\u2019Investissement\"},\"image\":{\"@id\":\"https:\/\/www.snci.lu\/en\/#\/schema\/logo\/image\/\"}}]}<\/script>\n<!-- \/ Yoast SEO plugin. -->","yoast_head_json":{"title":"- SNCI | Soci\u00e9t\u00e9 Nationale de Cr\u00e9dit et d\u2019Investissement","robots":{"index":"index","follow":"follow","max-snippet":"max-snippet:-1","max-image-preview":"max-image-preview:large","max-video-preview":"max-video-preview:-1"},"canonical":"https:\/\/www.snci.lu\/en\/1340-2\/","og_locale":"en_US","og_type":"article","og_title":"- SNCI | Soci\u00e9t\u00e9 Nationale de Cr\u00e9dit et d\u2019Investissement","og_url":"https:\/\/www.snci.lu\/en\/1340-2\/","og_site_name":"SNCI | Soci\u00e9t\u00e9 Nationale de Cr\u00e9dit et d\u2019Investissement","article_modified_time":"2026-01-21T14:22:32+00:00","twitter_card":"summary_large_image","schema":{"@context":"https:\/\/schema.org","@graph":[{"@type":"WebPage","@id":"https:\/\/www.snci.lu\/en\/1340-2\/","url":"https:\/\/www.snci.lu\/en\/1340-2\/","name":"- SNCI | Soci\u00e9t\u00e9 Nationale de Cr\u00e9dit et d\u2019Investissement","isPartOf":{"@id":"https:\/\/www.snci.lu\/en\/#website"},"datePublished":"2025-05-15T08:18:50+00:00","dateModified":"2026-01-21T14:22:32+00:00","inLanguage":"en-US","potentialAction":[{"@type":"ReadAction","target":["https:\/\/www.snci.lu\/en\/1340-2\/"]}]},{"@type":"WebSite","@id":"https:\/\/www.snci.lu\/en\/#website","url":"https:\/\/www.snci.lu\/en\/","name":"SNCI | Soci\u00e9t\u00e9 Nationale de Cr\u00e9dit et d\u2019Investissement","description":"SNCI","publisher":{"@id":"https:\/\/www.snci.lu\/en\/#organization"},"alternateName":"SNCI","potentialAction":[{"@type":"SearchAction","target":{"@type":"EntryPoint","urlTemplate":"https:\/\/www.snci.lu\/en\/?s={search_term_string}"},"query-input":{"@type":"PropertyValueSpecification","valueRequired":true,"valueName":"search_term_string"}}],"inLanguage":"en-US"},{"@type":"Organization","@id":"https:\/\/www.snci.lu\/en\/#organization","name":"SNCI | Soci\u00e9t\u00e9 Nationale de Cr\u00e9dit et d\u2019Investissement","alternateName":"SNCI","url":"https:\/\/www.snci.lu\/en\/","logo":{"@type":"ImageObject","inLanguage":"en-US","@id":"https:\/\/www.snci.lu\/en\/#\/schema\/logo\/image\/","url":"https:\/\/snci.lu\/wp-content\/uploads\/2025\/02\/logo.svg","contentUrl":"https:\/\/snci.lu\/wp-content\/uploads\/2025\/02\/logo.svg","width":1,"height":1,"caption":"SNCI | Soci\u00e9t\u00e9 Nationale de Cr\u00e9dit et d\u2019Investissement"},"image":{"@id":"https:\/\/www.snci.lu\/en\/#\/schema\/logo\/image\/"}}]}},"_links":{"self":[{"href":"https:\/\/www.snci.lu\/en\/wp-json\/wp\/v2\/pages\/1340","targetHints":{"allow":["GET"]}}],"collection":[{"href":"https:\/\/www.snci.lu\/en\/wp-json\/wp\/v2\/pages"}],"about":[{"href":"https:\/\/www.snci.lu\/en\/wp-json\/wp\/v2\/types\/page"}],"author":[{"embeddable":true,"href":"https:\/\/www.snci.lu\/en\/wp-json\/wp\/v2\/users\/3"}],"replies":[{"embeddable":true,"href":"https:\/\/www.snci.lu\/en\/wp-json\/wp\/v2\/comments?post=1340"}],"version-history":[{"count":3,"href":"https:\/\/www.snci.lu\/en\/wp-json\/wp\/v2\/pages\/1340\/revisions"}],"predecessor-version":[{"id":1347,"href":"https:\/\/www.snci.lu\/en\/wp-json\/wp\/v2\/pages\/1340\/revisions\/1347"}],"wp:attachment":[{"href":"https:\/\/www.snci.lu\/en\/wp-json\/wp\/v2\/media?parent=1340"}],"curies":[{"name":"wp","href":"https:\/\/api.w.org\/{rel}","templated":true}]}}